{"id":281,"date":"2024-10-31T13:45:12","date_gmt":"2024-10-31T13:45:12","guid":{"rendered":"http:\/\/radio.mobitouch.net\/strona-glowna\/"},"modified":"2024-12-06T11:49:08","modified_gmt":"2024-12-06T11:49:08","slug":"strona-glowna","status":"publish","type":"page","link":"http:\/\/radio.mobitouch.net\/pl\/","title":{"rendered":"Strona g\u0142\u00f3wna"},"content":{"rendered":"","protected":false},"excerpt":{"rendered":"","protected":false},"author":1,"featured_media":0,"parent":0,"menu_order":0,"comment_status":"closed","ping_status":"open","template":"index.php","meta":{"_acf_changed":false,"footnotes":""},"class_list":["post-281","page","type-page","status-publish","hentry"],"acf":[],"yoast_head":"<!-- This site is optimized with the Yoast SEO Premium plugin v26.7 (Yoast SEO v27.3) - https:\/\/yoast.com\/product\/yoast-seo-premium-wordpress\/ -->\n<title>Aplikacja radiowa \u2013 dotrzyj do s\u0142uchaczy na ca\u0142ym \u015bwiecie<\/title>\n<meta name=\"description\" content=\"Globalny zasi\u0119g Twojej stacji w jednym klikni\u0119ciu! Aplikacja radiowa na smartfony \u2013 Streaming na \u017cywo, podcasty i audycje w nowej ods\u0142onie.\" \/>\n<meta name=\"robots\" content=\"index, follow, max-snippet:-1, max-image-preview:large, max-video-preview:-1\" \/>\n<link rel=\"canonical\" href=\"http:\/\/radio.mobitouch.net\/pl\/\" \/>\n<meta property=\"og:locale\" content=\"pl_PL\" \/>\n<meta property=\"og:type\" content=\"article\" \/>\n<meta property=\"og:title\" content=\"Mobilna aplikacja radiowa - docieraj do s\u0142uchaczy z ca\u0142ego \u015bwiata\" \/>\n<meta property=\"og:description\" content=\"Otw\u00f3rz si\u0119 na nowych u\u017cytkownik\u00f3w i zwi\u0119ksz zasi\u0119g swojej stacji. Streaming na \u017cywo, podcasty i ulubione audycje dost\u0119pne jednym klikni\u0119ciem.\" \/>\n<meta property=\"og:url\" content=\"http:\/\/radio.mobitouch.net\/pl\/\" \/>\n<meta property=\"og:site_name\" content=\"radio-mobitouch 1\" \/>\n<meta property=\"article:modified_time\" content=\"2024-12-06T11:49:08+00:00\" \/>\n<meta property=\"og:image\" content=\"http:\/\/radio.mobitouch.net\/wp-content\/uploads\/2024\/11\/OGIMAGE.jpg\" \/>\n\t<meta property=\"og:image:width\" content=\"1200\" \/>\n\t<meta property=\"og:image:height\" content=\"627\" \/>\n\t<meta property=\"og:image:type\" content=\"image\/jpeg\" \/>\n<meta name=\"twitter:card\" content=\"summary_large_image\" \/>\n<meta name=\"twitter:title\" content=\"Strona g\u0142\u00f3wna\" \/>\n<meta name=\"twitter:label1\" content=\"Szacowany czas czytania\" \/>\n\t<meta name=\"twitter:data1\" content=\"11 minut\" \/>\n<script type=\"application\/ld+json\" class=\"yoast-schema-graph\">{\"@context\":\"https:\\\/\\\/schema.org\",\"@graph\":[{\"@type\":\"WebPage\",\"@id\":\"http:\\\/\\\/radio.mobitouch.net\\\/pl\\\/\",\"url\":\"http:\\\/\\\/radio.mobitouch.net\\\/pl\\\/\",\"name\":\"Aplikacja radiowa \u2013 dotrzyj do s\u0142uchaczy na ca\u0142ym \u015bwiecie\",\"isPartOf\":{\"@id\":\"https:\\\/\\\/radio.mobitouch.net\\\/pl\\\/#website\"},\"datePublished\":\"2024-10-31T13:45:12+00:00\",\"dateModified\":\"2024-12-06T11:49:08+00:00\",\"description\":\"Globalny zasi\u0119g Twojej stacji w jednym klikni\u0119ciu! Aplikacja radiowa na smartfony \u2013 Streaming na \u017cywo, podcasty i audycje w nowej ods\u0142onie.\",\"breadcrumb\":{\"@id\":\"http:\\\/\\\/radio.mobitouch.net\\\/pl\\\/#breadcrumb\"},\"inLanguage\":\"pl-PL\",\"potentialAction\":[{\"@type\":\"ReadAction\",\"target\":[\"http:\\\/\\\/radio.mobitouch.net\\\/pl\\\/\"]}]},{\"@type\":\"BreadcrumbList\",\"@id\":\"http:\\\/\\\/radio.mobitouch.net\\\/pl\\\/#breadcrumb\",\"itemListElement\":[{\"@type\":\"ListItem\",\"position\":1,\"name\":\"Home\",\"item\":\"https:\\\/\\\/radio.mobitouch.net\\\/pl\\\/\"},{\"@type\":\"ListItem\",\"position\":2,\"name\":\"Strona g\u0142\u00f3wna\"}]},{\"@type\":\"WebSite\",\"@id\":\"https:\\\/\\\/radio.mobitouch.net\\\/pl\\\/#website\",\"url\":\"https:\\\/\\\/radio.mobitouch.net\\\/pl\\\/\",\"name\":\"Radio Mobitouch\",\"description\":\"Dotrzyj do s\u0142uchaczy z ca\u0142ego \u015bwiata\u00a0\",\"publisher\":{\"@id\":\"https:\\\/\\\/radio.mobitouch.net\\\/pl\\\/#organization\"},\"alternateName\":\"Aplikacja mobilna dla radia\",\"potentialAction\":[{\"@type\":\"SearchAction\",\"target\":{\"@type\":\"EntryPoint\",\"urlTemplate\":\"https:\\\/\\\/radio.mobitouch.net\\\/pl\\\/?s={search_term_string}\"},\"query-input\":{\"@type\":\"PropertyValueSpecification\",\"valueRequired\":true,\"valueName\":\"search_term_string\"}}],\"inLanguage\":\"pl-PL\"},{\"@type\":\"Organization\",\"@id\":\"https:\\\/\\\/radio.mobitouch.net\\\/pl\\\/#organization\",\"name\":\"Mobitouch\",\"alternateName\":\"Custom Web & Mobile Apps\",\"url\":\"https:\\\/\\\/radio.mobitouch.net\\\/pl\\\/\",\"logo\":{\"@type\":\"ImageObject\",\"inLanguage\":\"pl-PL\",\"@id\":\"https:\\\/\\\/radio.mobitouch.net\\\/pl\\\/#\\\/schema\\\/logo\\\/image\\\/\",\"url\":\"http:\\\/\\\/radio.mobitouch.net\\\/wp-content\\\/uploads\\\/2024\\\/11\\\/logo.svg\",\"contentUrl\":\"http:\\\/\\\/radio.mobitouch.net\\\/wp-content\\\/uploads\\\/2024\\\/11\\\/logo.svg\",\"caption\":\"Mobitouch\"},\"image\":{\"@id\":\"https:\\\/\\\/radio.mobitouch.net\\\/pl\\\/#\\\/schema\\\/logo\\\/image\\\/\"}}]}<\/script>\n<!-- \/ Yoast SEO Premium plugin. -->","yoast_head_json":{"title":"Aplikacja radiowa \u2013 dotrzyj do s\u0142uchaczy na ca\u0142ym \u015bwiecie","description":"Globalny zasi\u0119g Twojej stacji w jednym klikni\u0119ciu! Aplikacja radiowa na smartfony \u2013 Streaming na \u017cywo, podcasty i audycje w nowej ods\u0142onie.","robots":{"index":"index","follow":"follow","max-snippet":"max-snippet:-1","max-image-preview":"max-image-preview:large","max-video-preview":"max-video-preview:-1"},"canonical":"http:\/\/radio.mobitouch.net\/pl\/","og_locale":"pl_PL","og_type":"article","og_title":"Mobilna aplikacja radiowa - docieraj do s\u0142uchaczy z ca\u0142ego \u015bwiata","og_description":"Otw\u00f3rz si\u0119 na nowych u\u017cytkownik\u00f3w i zwi\u0119ksz zasi\u0119g swojej stacji. Streaming na \u017cywo, podcasty i ulubione audycje dost\u0119pne jednym klikni\u0119ciem.","og_url":"http:\/\/radio.mobitouch.net\/pl\/","og_site_name":"radio-mobitouch 1","article_modified_time":"2024-12-06T11:49:08+00:00","og_image":[{"width":1200,"height":627,"url":"http:\/\/radio.mobitouch.net\/wp-content\/uploads\/2024\/11\/OGIMAGE.jpg","type":"image\/jpeg"}],"twitter_card":"summary_large_image","twitter_title":"Strona g\u0142\u00f3wna","twitter_misc":{"Szacowany czas czytania":"11 minut"},"schema":{"@context":"https:\/\/schema.org","@graph":[{"@type":"WebPage","@id":"http:\/\/radio.mobitouch.net\/pl\/","url":"http:\/\/radio.mobitouch.net\/pl\/","name":"Aplikacja radiowa \u2013 dotrzyj do s\u0142uchaczy na ca\u0142ym \u015bwiecie","isPartOf":{"@id":"https:\/\/radio.mobitouch.net\/pl\/#website"},"datePublished":"2024-10-31T13:45:12+00:00","dateModified":"2024-12-06T11:49:08+00:00","description":"Globalny zasi\u0119g Twojej stacji w jednym klikni\u0119ciu! Aplikacja radiowa na smartfony \u2013 Streaming na \u017cywo, podcasty i audycje w nowej ods\u0142onie.","breadcrumb":{"@id":"http:\/\/radio.mobitouch.net\/pl\/#breadcrumb"},"inLanguage":"pl-PL","potentialAction":[{"@type":"ReadAction","target":["http:\/\/radio.mobitouch.net\/pl\/"]}]},{"@type":"BreadcrumbList","@id":"http:\/\/radio.mobitouch.net\/pl\/#breadcrumb","itemListElement":[{"@type":"ListItem","position":1,"name":"Home","item":"https:\/\/radio.mobitouch.net\/pl\/"},{"@type":"ListItem","position":2,"name":"Strona g\u0142\u00f3wna"}]},{"@type":"WebSite","@id":"https:\/\/radio.mobitouch.net\/pl\/#website","url":"https:\/\/radio.mobitouch.net\/pl\/","name":"Radio Mobitouch","description":"Dotrzyj do s\u0142uchaczy z ca\u0142ego \u015bwiata\u00a0","publisher":{"@id":"https:\/\/radio.mobitouch.net\/pl\/#organization"},"alternateName":"Aplikacja mobilna dla radia","potentialAction":[{"@type":"SearchAction","target":{"@type":"EntryPoint","urlTemplate":"https:\/\/radio.mobitouch.net\/pl\/?s={search_term_string}"},"query-input":{"@type":"PropertyValueSpecification","valueRequired":true,"valueName":"search_term_string"}}],"inLanguage":"pl-PL"},{"@type":"Organization","@id":"https:\/\/radio.mobitouch.net\/pl\/#organization","name":"Mobitouch","alternateName":"Custom Web & Mobile Apps","url":"https:\/\/radio.mobitouch.net\/pl\/","logo":{"@type":"ImageObject","inLanguage":"pl-PL","@id":"https:\/\/radio.mobitouch.net\/pl\/#\/schema\/logo\/image\/","url":"http:\/\/radio.mobitouch.net\/wp-content\/uploads\/2024\/11\/logo.svg","contentUrl":"http:\/\/radio.mobitouch.net\/wp-content\/uploads\/2024\/11\/logo.svg","caption":"Mobitouch"},"image":{"@id":"https:\/\/radio.mobitouch.net\/pl\/#\/schema\/logo\/image\/"}}]}},"_links":{"self":[{"href":"http:\/\/radio.mobitouch.net\/pl\/wp-json\/wp\/v2\/pages\/281","targetHints":{"allow":["GET"]}}],"collection":[{"href":"http:\/\/radio.mobitouch.net\/pl\/wp-json\/wp\/v2\/pages"}],"about":[{"href":"http:\/\/radio.mobitouch.net\/pl\/wp-json\/wp\/v2\/types\/page"}],"author":[{"embeddable":true,"href":"http:\/\/radio.mobitouch.net\/pl\/wp-json\/wp\/v2\/users\/1"}],"replies":[{"embeddable":true,"href":"http:\/\/radio.mobitouch.net\/pl\/wp-json\/wp\/v2\/comments?post=281"}],"version-history":[{"count":18,"href":"http:\/\/radio.mobitouch.net\/pl\/wp-json\/wp\/v2\/pages\/281\/revisions"}],"predecessor-version":[{"id":741,"href":"http:\/\/radio.mobitouch.net\/pl\/wp-json\/wp\/v2\/pages\/281\/revisions\/741"}],"wp:attachment":[{"href":"http:\/\/radio.mobitouch.net\/pl\/wp-json\/wp\/v2\/media?parent=281"}],"curies":[{"name":"wp","href":"https:\/\/api.w.org\/{rel}","templated":true}]}}