{"id":278,"date":"2024-10-31T13:45:12","date_gmt":"2024-10-31T13:45:12","guid":{"rendered":"http:\/\/radio.mobitouch.net\/pagina-de-inicio\/"},"modified":"2025-01-24T10:22:23","modified_gmt":"2025-01-24T10:22:23","slug":"pagina-de-inicio","status":"publish","type":"page","link":"http:\/\/radio.mobitouch.net\/es\/","title":{"rendered":"P\u00e1gina de inicio"},"content":{"rendered":"","protected":false},"excerpt":{"rendered":"","protected":false},"author":1,"featured_media":0,"parent":0,"menu_order":0,"comment_status":"closed","ping_status":"open","template":"index.php","meta":{"_acf_changed":false,"footnotes":""},"class_list":["post-278","page","type-page","status-publish","hentry"],"acf":[],"yoast_head":"<!-- This site is optimized with the Yoast SEO Premium plugin v26.7 (Yoast SEO v27.3) - https:\/\/yoast.com\/product\/yoast-seo-premium-wordpress\/ -->\n<title>Aplicaci\u00f3n de radio \u2013 llega a los oyentes de todo el mundo.<\/title>\n<meta name=\"description\" content=\"Alcance global con un clic! Aplicaci\u00f3n de radio para smartphones \u2013 Streaming en vivo, podcasts y programas renovados.\" \/>\n<meta name=\"robots\" content=\"index, follow, max-snippet:-1, max-image-preview:large, max-video-preview:-1\" \/>\n<link rel=\"canonical\" href=\"http:\/\/radio.mobitouch.net\/es\/\" \/>\n<meta property=\"og:locale\" content=\"es_ES\" \/>\n<meta property=\"og:type\" content=\"article\" \/>\n<meta property=\"og:title\" content=\"Aplicaci\u00f3n de radio \u2013 llega a los oyentes de todo el mundo.\" \/>\n<meta property=\"og:description\" content=\"Alcance global con un clic! Aplicaci\u00f3n de radio para smartphones \u2013 Streaming en vivo, podcasts y programas renovados.\" \/>\n<meta property=\"og:url\" content=\"http:\/\/radio.mobitouch.net\/es\/\" \/>\n<meta property=\"og:site_name\" content=\"Mobile radio app\" \/>\n<meta property=\"article:modified_time\" content=\"2025-01-24T10:22:23+00:00\" \/>\n<meta property=\"og:image\" content=\"http:\/\/radio.mobitouch.net\/wp-content\/uploads\/2024\/11\/OGIMAGE.jpg\" \/>\n\t<meta property=\"og:image:width\" content=\"1200\" \/>\n\t<meta property=\"og:image:height\" content=\"627\" \/>\n\t<meta property=\"og:image:type\" content=\"image\/jpeg\" \/>\n<meta name=\"twitter:card\" content=\"summary_large_image\" \/>\n<meta name=\"twitter:title\" content=\"P\u00e1gina de inicio\" \/>\n<meta name=\"twitter:label1\" content=\"Tiempo de lectura\" \/>\n\t<meta name=\"twitter:data1\" content=\"12 minutos\" \/>\n<script type=\"application\/ld+json\" class=\"yoast-schema-graph\">{\"@context\":\"https:\\\/\\\/schema.org\",\"@graph\":[{\"@type\":\"WebPage\",\"@id\":\"http:\\\/\\\/radio.mobitouch.net\\\/es\\\/\",\"url\":\"http:\\\/\\\/radio.mobitouch.net\\\/es\\\/\",\"name\":\"Aplicaci\u00f3n de radio \u2013 llega a los oyentes de todo el mundo.\",\"isPartOf\":{\"@id\":\"https:\\\/\\\/radio.mobitouch.net\\\/es\\\/#website\"},\"datePublished\":\"2024-10-31T13:45:12+00:00\",\"dateModified\":\"2025-01-24T10:22:23+00:00\",\"description\":\"Alcance global con un clic! Aplicaci\u00f3n de radio para smartphones \u2013 Streaming en vivo, podcasts y programas renovados.\",\"breadcrumb\":{\"@id\":\"http:\\\/\\\/radio.mobitouch.net\\\/es\\\/#breadcrumb\"},\"inLanguage\":\"es\",\"potentialAction\":[{\"@type\":\"ReadAction\",\"target\":[\"http:\\\/\\\/radio.mobitouch.net\\\/es\\\/\"]}]},{\"@type\":\"BreadcrumbList\",\"@id\":\"http:\\\/\\\/radio.mobitouch.net\\\/es\\\/#breadcrumb\",\"itemListElement\":[{\"@type\":\"ListItem\",\"position\":1,\"name\":\"Home\",\"item\":\"http:\\\/\\\/radio.mobitouch.net\\\/es\\\/\"},{\"@type\":\"ListItem\",\"position\":2,\"name\":\"P\u00e1gina de inicio\"}]},{\"@type\":\"WebSite\",\"@id\":\"https:\\\/\\\/radio.mobitouch.net\\\/es\\\/#website\",\"url\":\"https:\\\/\\\/radio.mobitouch.net\\\/es\\\/\",\"name\":\"Radio Mobitouch\",\"description\":\"Dotrzyj do s\u0142uchaczy z ca\u0142ego \u015bwiata\u00a0\",\"publisher\":{\"@id\":\"https:\\\/\\\/radio.mobitouch.net\\\/es\\\/#organization\"},\"alternateName\":\"Aplikacja mobilna dla radia\",\"potentialAction\":[{\"@type\":\"SearchAction\",\"target\":{\"@type\":\"EntryPoint\",\"urlTemplate\":\"https:\\\/\\\/radio.mobitouch.net\\\/es\\\/?s={search_term_string}\"},\"query-input\":{\"@type\":\"PropertyValueSpecification\",\"valueRequired\":true,\"valueName\":\"search_term_string\"}}],\"inLanguage\":\"es\"},{\"@type\":\"Organization\",\"@id\":\"https:\\\/\\\/radio.mobitouch.net\\\/es\\\/#organization\",\"name\":\"Mobitouch\",\"alternateName\":\"Custom Web & Mobile Apps\",\"url\":\"https:\\\/\\\/radio.mobitouch.net\\\/es\\\/\",\"logo\":{\"@type\":\"ImageObject\",\"inLanguage\":\"es\",\"@id\":\"https:\\\/\\\/radio.mobitouch.net\\\/es\\\/#\\\/schema\\\/logo\\\/image\\\/\",\"url\":\"http:\\\/\\\/radio.mobitouch.net\\\/wp-content\\\/uploads\\\/2024\\\/11\\\/logo.svg\",\"contentUrl\":\"http:\\\/\\\/radio.mobitouch.net\\\/wp-content\\\/uploads\\\/2024\\\/11\\\/logo.svg\",\"caption\":\"Mobitouch\"},\"image\":{\"@id\":\"https:\\\/\\\/radio.mobitouch.net\\\/es\\\/#\\\/schema\\\/logo\\\/image\\\/\"}}]}<\/script>\n<!-- \/ Yoast SEO Premium plugin. -->","yoast_head_json":{"title":"Aplicaci\u00f3n de radio \u2013 llega a los oyentes de todo el mundo.","description":"Alcance global con un clic! Aplicaci\u00f3n de radio para smartphones \u2013 Streaming en vivo, podcasts y programas renovados.","robots":{"index":"index","follow":"follow","max-snippet":"max-snippet:-1","max-image-preview":"max-image-preview:large","max-video-preview":"max-video-preview:-1"},"canonical":"http:\/\/radio.mobitouch.net\/es\/","og_locale":"es_ES","og_type":"article","og_title":"Aplicaci\u00f3n de radio \u2013 llega a los oyentes de todo el mundo.","og_description":"Alcance global con un clic! Aplicaci\u00f3n de radio para smartphones \u2013 Streaming en vivo, podcasts y programas renovados.","og_url":"http:\/\/radio.mobitouch.net\/es\/","og_site_name":"Mobile radio app","article_modified_time":"2025-01-24T10:22:23+00:00","og_image":[{"width":1200,"height":627,"url":"http:\/\/radio.mobitouch.net\/wp-content\/uploads\/2024\/11\/OGIMAGE.jpg","type":"image\/jpeg"}],"twitter_card":"summary_large_image","twitter_title":"P\u00e1gina de inicio","twitter_misc":{"Tiempo de lectura":"12 minutos"},"schema":{"@context":"https:\/\/schema.org","@graph":[{"@type":"WebPage","@id":"http:\/\/radio.mobitouch.net\/es\/","url":"http:\/\/radio.mobitouch.net\/es\/","name":"Aplicaci\u00f3n de radio \u2013 llega a los oyentes de todo el mundo.","isPartOf":{"@id":"https:\/\/radio.mobitouch.net\/es\/#website"},"datePublished":"2024-10-31T13:45:12+00:00","dateModified":"2025-01-24T10:22:23+00:00","description":"Alcance global con un clic! Aplicaci\u00f3n de radio para smartphones \u2013 Streaming en vivo, podcasts y programas renovados.","breadcrumb":{"@id":"http:\/\/radio.mobitouch.net\/es\/#breadcrumb"},"inLanguage":"es","potentialAction":[{"@type":"ReadAction","target":["http:\/\/radio.mobitouch.net\/es\/"]}]},{"@type":"BreadcrumbList","@id":"http:\/\/radio.mobitouch.net\/es\/#breadcrumb","itemListElement":[{"@type":"ListItem","position":1,"name":"Home","item":"http:\/\/radio.mobitouch.net\/es\/"},{"@type":"ListItem","position":2,"name":"P\u00e1gina de inicio"}]},{"@type":"WebSite","@id":"https:\/\/radio.mobitouch.net\/es\/#website","url":"https:\/\/radio.mobitouch.net\/es\/","name":"Radio Mobitouch","description":"Dotrzyj do s\u0142uchaczy z ca\u0142ego \u015bwiata\u00a0","publisher":{"@id":"https:\/\/radio.mobitouch.net\/es\/#organization"},"alternateName":"Aplikacja mobilna dla radia","potentialAction":[{"@type":"SearchAction","target":{"@type":"EntryPoint","urlTemplate":"https:\/\/radio.mobitouch.net\/es\/?s={search_term_string}"},"query-input":{"@type":"PropertyValueSpecification","valueRequired":true,"valueName":"search_term_string"}}],"inLanguage":"es"},{"@type":"Organization","@id":"https:\/\/radio.mobitouch.net\/es\/#organization","name":"Mobitouch","alternateName":"Custom Web & Mobile Apps","url":"https:\/\/radio.mobitouch.net\/es\/","logo":{"@type":"ImageObject","inLanguage":"es","@id":"https:\/\/radio.mobitouch.net\/es\/#\/schema\/logo\/image\/","url":"http:\/\/radio.mobitouch.net\/wp-content\/uploads\/2024\/11\/logo.svg","contentUrl":"http:\/\/radio.mobitouch.net\/wp-content\/uploads\/2024\/11\/logo.svg","caption":"Mobitouch"},"image":{"@id":"https:\/\/radio.mobitouch.net\/es\/#\/schema\/logo\/image\/"}}]}},"_links":{"self":[{"href":"http:\/\/radio.mobitouch.net\/es\/wp-json\/wp\/v2\/pages\/278","targetHints":{"allow":["GET"]}}],"collection":[{"href":"http:\/\/radio.mobitouch.net\/es\/wp-json\/wp\/v2\/pages"}],"about":[{"href":"http:\/\/radio.mobitouch.net\/es\/wp-json\/wp\/v2\/types\/page"}],"author":[{"embeddable":true,"href":"http:\/\/radio.mobitouch.net\/es\/wp-json\/wp\/v2\/users\/1"}],"replies":[{"embeddable":true,"href":"http:\/\/radio.mobitouch.net\/es\/wp-json\/wp\/v2\/comments?post=278"}],"version-history":[{"count":17,"href":"http:\/\/radio.mobitouch.net\/es\/wp-json\/wp\/v2\/pages\/278\/revisions"}],"predecessor-version":[{"id":805,"href":"http:\/\/radio.mobitouch.net\/es\/wp-json\/wp\/v2\/pages\/278\/revisions\/805"}],"wp:attachment":[{"href":"http:\/\/radio.mobitouch.net\/es\/wp-json\/wp\/v2\/media?parent=278"}],"curies":[{"name":"wp","href":"https:\/\/api.w.org\/{rel}","templated":true}]}}