{"id":601,"date":"2024-11-18T13:25:50","date_gmt":"2024-11-18T13:25:50","guid":{"rendered":"https:\/\/radio.mobitouch.net\/thank-you\/"},"modified":"2024-11-22T11:27:49","modified_gmt":"2024-11-22T11:27:49","slug":"danke-fuer-ihre-nachricht","status":"publish","type":"page","link":"http:\/\/radio.mobitouch.net\/de\/danke-fuer-ihre-nachricht\/","title":{"rendered":"danke fuer ihre nachricht"},"content":{"rendered":"","protected":false},"excerpt":{"rendered":"","protected":false},"author":1,"featured_media":0,"parent":0,"menu_order":0,"comment_status":"closed","ping_status":"closed","template":"thank-you.php","meta":{"_acf_changed":false,"footnotes":""},"class_list":["post-601","page","type-page","status-publish","hentry"],"acf":[],"yoast_head":"<!-- This site is optimized with the Yoast SEO Premium plugin v26.7 (Yoast SEO v27.3) - https:\/\/yoast.com\/product\/yoast-seo-premium-wordpress\/ -->\n<title>danke fuer ihre nachricht - Mobile radio app<\/title>\n<meta name=\"robots\" content=\"index, follow, max-snippet:-1, max-image-preview:large, max-video-preview:-1\" \/>\n<link rel=\"canonical\" href=\"http:\/\/radio.mobitouch.net\/de\/danke-fuer-ihre-nachricht\/\" \/>\n<meta property=\"og:locale\" content=\"de_DE\" \/>\n<meta property=\"og:type\" content=\"article\" \/>\n<meta property=\"og:title\" content=\"danke fuer ihre nachricht\" \/>\n<meta property=\"og:url\" content=\"http:\/\/radio.mobitouch.net\/de\/danke-fuer-ihre-nachricht\/\" \/>\n<meta property=\"og:site_name\" content=\"Mobile radio app\" \/>\n<meta property=\"article:modified_time\" content=\"2024-11-22T11:27:49+00:00\" \/>\n<meta property=\"og:image\" content=\"http:\/\/radio.mobitouch.net\/wp-content\/uploads\/2024\/11\/OGIMAGE.jpg\" \/>\n\t<meta property=\"og:image:width\" content=\"1200\" \/>\n\t<meta property=\"og:image:height\" content=\"627\" \/>\n\t<meta property=\"og:image:type\" content=\"image\/jpeg\" \/>\n<meta name=\"twitter:card\" content=\"summary_large_image\" \/>\n<script type=\"application\/ld+json\" class=\"yoast-schema-graph\">{\"@context\":\"https:\\\/\\\/schema.org\",\"@graph\":[{\"@type\":\"WebPage\",\"@id\":\"http:\\\/\\\/radio.mobitouch.net\\\/de\\\/danke-fuer-ihre-nachricht\\\/\",\"url\":\"http:\\\/\\\/radio.mobitouch.net\\\/de\\\/danke-fuer-ihre-nachricht\\\/\",\"name\":\"danke fuer ihre nachricht - Mobile radio app\",\"isPartOf\":{\"@id\":\"https:\\\/\\\/radio.mobitouch.net\\\/de\\\/#website\"},\"datePublished\":\"2024-11-18T13:25:50+00:00\",\"dateModified\":\"2024-11-22T11:27:49+00:00\",\"breadcrumb\":{\"@id\":\"http:\\\/\\\/radio.mobitouch.net\\\/de\\\/danke-fuer-ihre-nachricht\\\/#breadcrumb\"},\"inLanguage\":\"de\",\"potentialAction\":[{\"@type\":\"ReadAction\",\"target\":[\"http:\\\/\\\/radio.mobitouch.net\\\/de\\\/danke-fuer-ihre-nachricht\\\/\"]}]},{\"@type\":\"BreadcrumbList\",\"@id\":\"http:\\\/\\\/radio.mobitouch.net\\\/de\\\/danke-fuer-ihre-nachricht\\\/#breadcrumb\",\"itemListElement\":[{\"@type\":\"ListItem\",\"position\":1,\"name\":\"Home\",\"item\":\"http:\\\/\\\/radio.mobitouch.net\\\/de\\\/\"},{\"@type\":\"ListItem\",\"position\":2,\"name\":\"danke fuer ihre nachricht\"}]},{\"@type\":\"WebSite\",\"@id\":\"https:\\\/\\\/radio.mobitouch.net\\\/de\\\/#website\",\"url\":\"https:\\\/\\\/radio.mobitouch.net\\\/de\\\/\",\"name\":\"Radio Mobitouch\",\"description\":\"Dotrzyj do s\u0142uchaczy z ca\u0142ego \u015bwiata\u00a0\",\"publisher\":{\"@id\":\"https:\\\/\\\/radio.mobitouch.net\\\/de\\\/#organization\"},\"alternateName\":\"Aplikacja mobilna dla radia\",\"potentialAction\":[{\"@type\":\"SearchAction\",\"target\":{\"@type\":\"EntryPoint\",\"urlTemplate\":\"https:\\\/\\\/radio.mobitouch.net\\\/de\\\/?s={search_term_string}\"},\"query-input\":{\"@type\":\"PropertyValueSpecification\",\"valueRequired\":true,\"valueName\":\"search_term_string\"}}],\"inLanguage\":\"de\"},{\"@type\":\"Organization\",\"@id\":\"https:\\\/\\\/radio.mobitouch.net\\\/de\\\/#organization\",\"name\":\"Mobitouch\",\"alternateName\":\"Custom Web & Mobile Apps\",\"url\":\"https:\\\/\\\/radio.mobitouch.net\\\/de\\\/\",\"logo\":{\"@type\":\"ImageObject\",\"inLanguage\":\"de\",\"@id\":\"https:\\\/\\\/radio.mobitouch.net\\\/de\\\/#\\\/schema\\\/logo\\\/image\\\/\",\"url\":\"http:\\\/\\\/radio.mobitouch.net\\\/wp-content\\\/uploads\\\/2024\\\/11\\\/logo.svg\",\"contentUrl\":\"http:\\\/\\\/radio.mobitouch.net\\\/wp-content\\\/uploads\\\/2024\\\/11\\\/logo.svg\",\"caption\":\"Mobitouch\"},\"image\":{\"@id\":\"https:\\\/\\\/radio.mobitouch.net\\\/de\\\/#\\\/schema\\\/logo\\\/image\\\/\"}}]}<\/script>\n<!-- \/ Yoast SEO Premium plugin. -->","yoast_head_json":{"title":"danke fuer ihre nachricht - Mobile radio app","robots":{"index":"index","follow":"follow","max-snippet":"max-snippet:-1","max-image-preview":"max-image-preview:large","max-video-preview":"max-video-preview:-1"},"canonical":"http:\/\/radio.mobitouch.net\/de\/danke-fuer-ihre-nachricht\/","og_locale":"de_DE","og_type":"article","og_title":"danke fuer ihre nachricht","og_url":"http:\/\/radio.mobitouch.net\/de\/danke-fuer-ihre-nachricht\/","og_site_name":"Mobile radio app","article_modified_time":"2024-11-22T11:27:49+00:00","og_image":[{"width":1200,"height":627,"url":"http:\/\/radio.mobitouch.net\/wp-content\/uploads\/2024\/11\/OGIMAGE.jpg","type":"image\/jpeg"}],"twitter_card":"summary_large_image","schema":{"@context":"https:\/\/schema.org","@graph":[{"@type":"WebPage","@id":"http:\/\/radio.mobitouch.net\/de\/danke-fuer-ihre-nachricht\/","url":"http:\/\/radio.mobitouch.net\/de\/danke-fuer-ihre-nachricht\/","name":"danke fuer ihre nachricht - Mobile radio app","isPartOf":{"@id":"https:\/\/radio.mobitouch.net\/de\/#website"},"datePublished":"2024-11-18T13:25:50+00:00","dateModified":"2024-11-22T11:27:49+00:00","breadcrumb":{"@id":"http:\/\/radio.mobitouch.net\/de\/danke-fuer-ihre-nachricht\/#breadcrumb"},"inLanguage":"de","potentialAction":[{"@type":"ReadAction","target":["http:\/\/radio.mobitouch.net\/de\/danke-fuer-ihre-nachricht\/"]}]},{"@type":"BreadcrumbList","@id":"http:\/\/radio.mobitouch.net\/de\/danke-fuer-ihre-nachricht\/#breadcrumb","itemListElement":[{"@type":"ListItem","position":1,"name":"Home","item":"http:\/\/radio.mobitouch.net\/de\/"},{"@type":"ListItem","position":2,"name":"danke fuer ihre nachricht"}]},{"@type":"WebSite","@id":"https:\/\/radio.mobitouch.net\/de\/#website","url":"https:\/\/radio.mobitouch.net\/de\/","name":"Radio Mobitouch","description":"Dotrzyj do s\u0142uchaczy z ca\u0142ego \u015bwiata\u00a0","publisher":{"@id":"https:\/\/radio.mobitouch.net\/de\/#organization"},"alternateName":"Aplikacja mobilna dla radia","potentialAction":[{"@type":"SearchAction","target":{"@type":"EntryPoint","urlTemplate":"https:\/\/radio.mobitouch.net\/de\/?s={search_term_string}"},"query-input":{"@type":"PropertyValueSpecification","valueRequired":true,"valueName":"search_term_string"}}],"inLanguage":"de"},{"@type":"Organization","@id":"https:\/\/radio.mobitouch.net\/de\/#organization","name":"Mobitouch","alternateName":"Custom Web & Mobile Apps","url":"https:\/\/radio.mobitouch.net\/de\/","logo":{"@type":"ImageObject","inLanguage":"de","@id":"https:\/\/radio.mobitouch.net\/de\/#\/schema\/logo\/image\/","url":"http:\/\/radio.mobitouch.net\/wp-content\/uploads\/2024\/11\/logo.svg","contentUrl":"http:\/\/radio.mobitouch.net\/wp-content\/uploads\/2024\/11\/logo.svg","caption":"Mobitouch"},"image":{"@id":"https:\/\/radio.mobitouch.net\/de\/#\/schema\/logo\/image\/"}}]}},"_links":{"self":[{"href":"http:\/\/radio.mobitouch.net\/de\/wp-json\/wp\/v2\/pages\/601","targetHints":{"allow":["GET"]}}],"collection":[{"href":"http:\/\/radio.mobitouch.net\/de\/wp-json\/wp\/v2\/pages"}],"about":[{"href":"http:\/\/radio.mobitouch.net\/de\/wp-json\/wp\/v2\/types\/page"}],"author":[{"embeddable":true,"href":"http:\/\/radio.mobitouch.net\/de\/wp-json\/wp\/v2\/users\/1"}],"replies":[{"embeddable":true,"href":"http:\/\/radio.mobitouch.net\/de\/wp-json\/wp\/v2\/comments?post=601"}],"version-history":[{"count":1,"href":"http:\/\/radio.mobitouch.net\/de\/wp-json\/wp\/v2\/pages\/601\/revisions"}],"predecessor-version":[{"id":602,"href":"http:\/\/radio.mobitouch.net\/de\/wp-json\/wp\/v2\/pages\/601\/revisions\/602"}],"wp:attachment":[{"href":"http:\/\/radio.mobitouch.net\/de\/wp-json\/wp\/v2\/media?parent=601"}],"curies":[{"name":"wp","href":"https:\/\/api.w.org\/{rel}","templated":true}]}}