{"id":284,"date":"2024-10-31T13:45:12","date_gmt":"2024-10-31T13:45:12","guid":{"rendered":"http:\/\/radio.mobitouch.net\/homepage\/"},"modified":"2025-01-24T10:21:39","modified_gmt":"2025-01-24T10:21:39","slug":"homepage","status":"publish","type":"page","link":"http:\/\/radio.mobitouch.net\/de\/","title":{"rendered":"Homepage deutsch"},"content":{"rendered":"","protected":false},"excerpt":{"rendered":"","protected":false},"author":1,"featured_media":0,"parent":0,"menu_order":0,"comment_status":"closed","ping_status":"open","template":"index.php","meta":{"_acf_changed":false,"footnotes":""},"class_list":["post-284","page","type-page","status-publish","hentry"],"acf":[],"yoast_head":"<!-- This site is optimized with the Yoast SEO Premium plugin v26.7 (Yoast SEO v26.7) - https:\/\/yoast.com\/wordpress\/plugins\/seo\/ -->\n<title>Radioanwendung \u2013 Erreichen Sie H\u00f6rer auf der ganzen Welt<\/title>\n<meta name=\"description\" content=\"Globale Reichweite Ihrer Station mit nur einem Klick! Radioanwendung f\u00fcr Smartphones \u2013 Live-Streaming, Podcasts und Sendungen in neuem Gewand.\" \/>\n<meta name=\"robots\" content=\"index, follow, max-snippet:-1, max-image-preview:large, max-video-preview:-1\" \/>\n<link rel=\"canonical\" href=\"http:\/\/radio.mobitouch.net\/de\/\" \/>\n<meta property=\"og:locale\" content=\"de_DE\" \/>\n<meta property=\"og:type\" content=\"article\" \/>\n<meta property=\"og:title\" content=\"Radioanwendung \u2013 Erreichen Sie H\u00f6rer auf der ganzen Welt\" \/>\n<meta property=\"og:description\" content=\"Globale Reichweite Ihrer Station mit nur einem Klick! Radioanwendung f\u00fcr Smartphones \u2013 Live-Streaming, Podcasts und Sendungen in neuem Gewand.\" \/>\n<meta property=\"og:url\" content=\"http:\/\/radio.mobitouch.net\/de\/\" \/>\n<meta property=\"og:site_name\" content=\"Mobile radio app\" \/>\n<meta property=\"article:modified_time\" content=\"2025-01-24T10:21:39+00:00\" \/>\n<meta property=\"og:image\" content=\"http:\/\/radio.mobitouch.net\/wp-content\/uploads\/2024\/11\/OGIMAGE.jpg\" \/>\n\t<meta property=\"og:image:width\" content=\"1200\" \/>\n\t<meta property=\"og:image:height\" content=\"627\" \/>\n\t<meta property=\"og:image:type\" content=\"image\/jpeg\" \/>\n<meta name=\"twitter:card\" content=\"summary_large_image\" \/>\n<meta name=\"twitter:title\" content=\"Homepage deutsch\" \/>\n<meta name=\"twitter:label1\" content=\"Gesch\u00e4tzte Lesezeit\" \/>\n\t<meta name=\"twitter:data1\" content=\"12\u00a0Minuten\" \/>\n<script type=\"application\/ld+json\" class=\"yoast-schema-graph\">{\"@context\":\"https:\/\/schema.org\",\"@graph\":[{\"@type\":\"WebPage\",\"@id\":\"http:\/\/radio.mobitouch.net\/de\/\",\"url\":\"http:\/\/radio.mobitouch.net\/de\/\",\"name\":\"Radioanwendung \u2013 Erreichen Sie H\u00f6rer auf der ganzen Welt\",\"isPartOf\":{\"@id\":\"http:\/\/radio.mobitouch.net\/de\/#website\"},\"datePublished\":\"2024-10-31T13:45:12+00:00\",\"dateModified\":\"2025-01-24T10:21:39+00:00\",\"description\":\"Globale Reichweite Ihrer Station mit nur einem Klick! Radioanwendung f\u00fcr Smartphones \u2013 Live-Streaming, Podcasts und Sendungen in neuem Gewand.\",\"breadcrumb\":{\"@id\":\"http:\/\/radio.mobitouch.net\/de\/#breadcrumb\"},\"inLanguage\":\"de\",\"potentialAction\":[{\"@type\":\"ReadAction\",\"target\":[\"http:\/\/radio.mobitouch.net\/de\/\"]}]},{\"@type\":\"BreadcrumbList\",\"@id\":\"http:\/\/radio.mobitouch.net\/de\/#breadcrumb\",\"itemListElement\":[{\"@type\":\"ListItem\",\"position\":1,\"name\":\"Home\",\"item\":\"http:\/\/radio.mobitouch.net\/de\/\"},{\"@type\":\"ListItem\",\"position\":2,\"name\":\"Homepage deutsch\"}]},{\"@type\":\"WebSite\",\"@id\":\"http:\/\/radio.mobitouch.net\/de\/#website\",\"url\":\"http:\/\/radio.mobitouch.net\/de\/\",\"name\":\"Radio Mobitouch\",\"description\":\"Dotrzyj do s\u0142uchaczy z ca\u0142ego \u015bwiata\u00a0\",\"publisher\":{\"@id\":\"http:\/\/radio.mobitouch.net\/de\/#organization\"},\"alternateName\":\"Aplikacja mobilna dla radia\",\"potentialAction\":[{\"@type\":\"SearchAction\",\"target\":{\"@type\":\"EntryPoint\",\"urlTemplate\":\"http:\/\/radio.mobitouch.net\/de\/?s={search_term_string}\"},\"query-input\":{\"@type\":\"PropertyValueSpecification\",\"valueRequired\":true,\"valueName\":\"search_term_string\"}}],\"inLanguage\":\"de\"},{\"@type\":\"Organization\",\"@id\":\"http:\/\/radio.mobitouch.net\/de\/#organization\",\"name\":\"Mobitouch\",\"alternateName\":\"Custom Web & Mobile Apps\",\"url\":\"http:\/\/radio.mobitouch.net\/de\/\",\"logo\":{\"@type\":\"ImageObject\",\"inLanguage\":\"de\",\"@id\":\"http:\/\/radio.mobitouch.net\/de\/#\/schema\/logo\/image\/\",\"url\":\"http:\/\/radio.mobitouch.net\/wp-content\/uploads\/2024\/11\/logo.svg\",\"contentUrl\":\"http:\/\/radio.mobitouch.net\/wp-content\/uploads\/2024\/11\/logo.svg\",\"caption\":\"Mobitouch\"},\"image\":{\"@id\":\"http:\/\/radio.mobitouch.net\/de\/#\/schema\/logo\/image\/\"}}]}<\/script>\n<!-- \/ Yoast SEO Premium plugin. -->","yoast_head_json":{"title":"Radioanwendung \u2013 Erreichen Sie H\u00f6rer auf der ganzen Welt","description":"Globale Reichweite Ihrer Station mit nur einem Klick! Radioanwendung f\u00fcr Smartphones \u2013 Live-Streaming, Podcasts und Sendungen in neuem Gewand.","robots":{"index":"index","follow":"follow","max-snippet":"max-snippet:-1","max-image-preview":"max-image-preview:large","max-video-preview":"max-video-preview:-1"},"canonical":"http:\/\/radio.mobitouch.net\/de\/","og_locale":"de_DE","og_type":"article","og_title":"Radioanwendung \u2013 Erreichen Sie H\u00f6rer auf der ganzen Welt","og_description":"Globale Reichweite Ihrer Station mit nur einem Klick! Radioanwendung f\u00fcr Smartphones \u2013 Live-Streaming, Podcasts und Sendungen in neuem Gewand.","og_url":"http:\/\/radio.mobitouch.net\/de\/","og_site_name":"Mobile radio app","article_modified_time":"2025-01-24T10:21:39+00:00","og_image":[{"width":1200,"height":627,"url":"http:\/\/radio.mobitouch.net\/wp-content\/uploads\/2024\/11\/OGIMAGE.jpg","type":"image\/jpeg"}],"twitter_card":"summary_large_image","twitter_title":"Homepage deutsch","twitter_misc":{"Gesch\u00e4tzte Lesezeit":"12\u00a0Minuten"},"schema":{"@context":"https:\/\/schema.org","@graph":[{"@type":"WebPage","@id":"http:\/\/radio.mobitouch.net\/de\/","url":"http:\/\/radio.mobitouch.net\/de\/","name":"Radioanwendung \u2013 Erreichen Sie H\u00f6rer auf der ganzen Welt","isPartOf":{"@id":"http:\/\/radio.mobitouch.net\/de\/#website"},"datePublished":"2024-10-31T13:45:12+00:00","dateModified":"2025-01-24T10:21:39+00:00","description":"Globale Reichweite Ihrer Station mit nur einem Klick! Radioanwendung f\u00fcr Smartphones \u2013 Live-Streaming, Podcasts und Sendungen in neuem Gewand.","breadcrumb":{"@id":"http:\/\/radio.mobitouch.net\/de\/#breadcrumb"},"inLanguage":"de","potentialAction":[{"@type":"ReadAction","target":["http:\/\/radio.mobitouch.net\/de\/"]}]},{"@type":"BreadcrumbList","@id":"http:\/\/radio.mobitouch.net\/de\/#breadcrumb","itemListElement":[{"@type":"ListItem","position":1,"name":"Home","item":"http:\/\/radio.mobitouch.net\/de\/"},{"@type":"ListItem","position":2,"name":"Homepage deutsch"}]},{"@type":"WebSite","@id":"http:\/\/radio.mobitouch.net\/de\/#website","url":"http:\/\/radio.mobitouch.net\/de\/","name":"Radio Mobitouch","description":"Dotrzyj do s\u0142uchaczy z ca\u0142ego \u015bwiata\u00a0","publisher":{"@id":"http:\/\/radio.mobitouch.net\/de\/#organization"},"alternateName":"Aplikacja mobilna dla radia","potentialAction":[{"@type":"SearchAction","target":{"@type":"EntryPoint","urlTemplate":"http:\/\/radio.mobitouch.net\/de\/?s={search_term_string}"},"query-input":{"@type":"PropertyValueSpecification","valueRequired":true,"valueName":"search_term_string"}}],"inLanguage":"de"},{"@type":"Organization","@id":"http:\/\/radio.mobitouch.net\/de\/#organization","name":"Mobitouch","alternateName":"Custom Web & Mobile Apps","url":"http:\/\/radio.mobitouch.net\/de\/","logo":{"@type":"ImageObject","inLanguage":"de","@id":"http:\/\/radio.mobitouch.net\/de\/#\/schema\/logo\/image\/","url":"http:\/\/radio.mobitouch.net\/wp-content\/uploads\/2024\/11\/logo.svg","contentUrl":"http:\/\/radio.mobitouch.net\/wp-content\/uploads\/2024\/11\/logo.svg","caption":"Mobitouch"},"image":{"@id":"http:\/\/radio.mobitouch.net\/de\/#\/schema\/logo\/image\/"}}]}},"_links":{"self":[{"href":"http:\/\/radio.mobitouch.net\/de\/wp-json\/wp\/v2\/pages\/284","targetHints":{"allow":["GET"]}}],"collection":[{"href":"http:\/\/radio.mobitouch.net\/de\/wp-json\/wp\/v2\/pages"}],"about":[{"href":"http:\/\/radio.mobitouch.net\/de\/wp-json\/wp\/v2\/types\/page"}],"author":[{"embeddable":true,"href":"http:\/\/radio.mobitouch.net\/de\/wp-json\/wp\/v2\/users\/1"}],"replies":[{"embeddable":true,"href":"http:\/\/radio.mobitouch.net\/de\/wp-json\/wp\/v2\/comments?post=284"}],"version-history":[{"count":18,"href":"http:\/\/radio.mobitouch.net\/de\/wp-json\/wp\/v2\/pages\/284\/revisions"}],"predecessor-version":[{"id":804,"href":"http:\/\/radio.mobitouch.net\/de\/wp-json\/wp\/v2\/pages\/284\/revisions\/804"}],"wp:attachment":[{"href":"http:\/\/radio.mobitouch.net\/de\/wp-json\/wp\/v2\/media?parent=284"}],"curies":[{"name":"wp","href":"https:\/\/api.w.org\/{rel}","templated":true}]}}