{"id":275,"date":"2024-10-31T13:45:12","date_gmt":"2024-10-31T13:45:12","guid":{"rendered":"http:\/\/radio.mobitouch.net\/%d8%a7%d9%84%d8%b5%d9%81%d8%ad%d8%a9-%d8%a7%d9%84%d8%b1%d8%a6%d9%8a%d8%b3%d9%8a%d8%a9\/"},"modified":"2025-01-24T10:21:42","modified_gmt":"2025-01-24T10:21:42","slug":"%d8%a7%d9%84%d8%b5%d9%81%d8%ad%d8%a9-%d8%a7%d9%84%d8%b1%d8%a6%d9%8a%d8%b3%d9%8a%d8%a9","status":"publish","type":"page","link":"http:\/\/radio.mobitouch.net\/ar\/","title":{"rendered":"\u0627\u0644\u0635\u0641\u062d\u0629 \u0627\u0644\u0631\u0626\u064a\u0633\u064a\u0629"},"content":{"rendered":"","protected":false},"excerpt":{"rendered":"","protected":false},"author":1,"featured_media":0,"parent":0,"menu_order":0,"comment_status":"closed","ping_status":"open","template":"index.php","meta":{"_acf_changed":false,"footnotes":""},"class_list":["post-275","page","type-page","status-publish","hentry"],"acf":[],"yoast_head":"<!-- This site is optimized with the Yoast SEO Premium plugin v26.7 (Yoast SEO v27.3) - https:\/\/yoast.com\/product\/yoast-seo-premium-wordpress\/ -->\n<title>\u062a\u0637\u0628\u064a\u0642 \u0627\u0644\u0631\u0627\u062f\u064a\u0648 \u2013 \u0627\u0644\u0648\u0635\u0648\u0644 \u0625\u0644\u0649 \u0627\u0644\u0645\u0633\u062a\u0645\u0639\u064a\u0646 \u0641\u064a \u062c\u0645\u064a\u0639 \u0623\u0646\u062d\u0627\u0621 \u0627\u0644\u0639\u0627\u0644\u0645<\/title>\n<meta name=\"description\" content=\"\u062a\u0637\u0628\u064a\u0642 \u0627\u0644\u0631\u0627\u062f\u064a\u0648 \u0644\u0644\u0647\u0648\u0627\u062a\u0641 \u0627\u0644\u0630\u0643\u064a\u0629 \u2013 \u0628\u062b \u0645\u0628\u0627\u0634\u0631\u060c \u0628\u0648\u062f\u0643\u0627\u0633\u062a \u0648\u0628\u0631\u0627\u0645\u062c \u0628\u062d\u0644\u0629 \u062c\u062f\u064a\u062f\u0629. \u0627\u0644\u0648\u0635\u0648\u0644 \u0627\u0644\u0639\u0627\u0644\u0645\u064a \u0644\u0645\u062d\u0637\u062a\u0643 \u0628\u0646\u0642\u0631\u0629 \u0648\u0627\u062d\u062f\u0629! \u062c\u0631\u0651\u0628 \u0627\u0644\u0622\u0646!\" \/>\n<meta name=\"robots\" content=\"index, follow, max-snippet:-1, max-image-preview:large, max-video-preview:-1\" \/>\n<link rel=\"canonical\" href=\"http:\/\/radio.mobitouch.net\/ar\/\" \/>\n<meta property=\"og:locale\" content=\"ar_AR\" \/>\n<meta property=\"og:type\" content=\"article\" \/>\n<meta property=\"og:title\" content=\"\u062a\u0637\u0628\u064a\u0642 \u0627\u0644\u0631\u0627\u062f\u064a\u0648 \u2013 \u0627\u0644\u0648\u0635\u0648\u0644 \u0625\u0644\u0649 \u0627\u0644\u0645\u0633\u062a\u0645\u0639\u064a\u0646 \u0641\u064a \u062c\u0645\u064a\u0639 \u0623\u0646\u062d\u0627\u0621 \u0627\u0644\u0639\u0627\u0644\u0645\" \/>\n<meta property=\"og:description\" content=\"\u0627\u0644\u0648\u0635\u0648\u0644 \u0627\u0644\u0639\u0627\u0644\u0645\u064a \u0644\u0645\u062d\u0637\u062a\u0643 \u0628\u0646\u0642\u0631\u0629 \u0648\u0627\u062d\u062f\u0629! \u062a\u0637\u0628\u064a\u0642 \u0627\u0644\u0631\u0627\u062f\u064a\u0648 \u0644\u0644\u0647\u0648\u0627\u062a\u0641 \u0627\u0644\u0630\u0643\u064a\u0629 \u2013 \u0628\u062b \u0645\u0628\u0627\u0634\u0631\u060c \u0628\u0648\u062f\u0643\u0627\u0633\u062a \u0648\u0628\u0631\u0627\u0645\u062c \u0628\u062d\u0644\u0629 \u062c\u062f\u064a\u062f\u0629.\" \/>\n<meta property=\"og:url\" content=\"http:\/\/radio.mobitouch.net\/ar\/\" \/>\n<meta property=\"og:site_name\" content=\"Mobile radio app\" \/>\n<meta property=\"article:modified_time\" content=\"2025-01-24T10:21:42+00:00\" \/>\n<meta property=\"og:image\" content=\"http:\/\/radio.mobitouch.net\/wp-content\/uploads\/2024\/11\/OGIMAGE.jpg\" \/>\n\t<meta property=\"og:image:width\" content=\"1200\" \/>\n\t<meta property=\"og:image:height\" content=\"627\" \/>\n\t<meta property=\"og:image:type\" content=\"image\/jpeg\" \/>\n<meta name=\"twitter:card\" content=\"summary_large_image\" \/>\n<meta name=\"twitter:title\" content=\"\u0627\u0644\u0635\u0641\u062d\u0629 \u0627\u0644\u0631\u0626\u064a\u0633\u064a\u0629\" \/>\n<meta name=\"twitter:label1\" content=\"\u0648\u0642\u062a \u0627\u0644\u0642\u0631\u0627\u0621\u0629 \u0627\u0644\u0645\u064f\u0642\u062f\u0651\u0631\" \/>\n\t<meta name=\"twitter:data1\" content=\"11 \u062f\u0642\u064a\u0642\u0629\" \/>\n<script type=\"application\/ld+json\" class=\"yoast-schema-graph\">{\"@context\":\"https:\\\/\\\/schema.org\",\"@graph\":[{\"@type\":\"WebPage\",\"@id\":\"http:\\\/\\\/radio.mobitouch.net\\\/ar\\\/\",\"url\":\"http:\\\/\\\/radio.mobitouch.net\\\/ar\\\/\",\"name\":\"\u062a\u0637\u0628\u064a\u0642 \u0627\u0644\u0631\u0627\u062f\u064a\u0648 \u2013 \u0627\u0644\u0648\u0635\u0648\u0644 \u0625\u0644\u0649 \u0627\u0644\u0645\u0633\u062a\u0645\u0639\u064a\u0646 \u0641\u064a \u062c\u0645\u064a\u0639 \u0623\u0646\u062d\u0627\u0621 \u0627\u0644\u0639\u0627\u0644\u0645\",\"isPartOf\":{\"@id\":\"https:\\\/\\\/radio.mobitouch.net\\\/ar\\\/#website\"},\"datePublished\":\"2024-10-31T13:45:12+00:00\",\"dateModified\":\"2025-01-24T10:21:42+00:00\",\"description\":\"\u062a\u0637\u0628\u064a\u0642 \u0627\u0644\u0631\u0627\u062f\u064a\u0648 \u0644\u0644\u0647\u0648\u0627\u062a\u0641 \u0627\u0644\u0630\u0643\u064a\u0629 \u2013 \u0628\u062b \u0645\u0628\u0627\u0634\u0631\u060c \u0628\u0648\u062f\u0643\u0627\u0633\u062a \u0648\u0628\u0631\u0627\u0645\u062c \u0628\u062d\u0644\u0629 \u062c\u062f\u064a\u062f\u0629. \u0627\u0644\u0648\u0635\u0648\u0644 \u0627\u0644\u0639\u0627\u0644\u0645\u064a \u0644\u0645\u062d\u0637\u062a\u0643 \u0628\u0646\u0642\u0631\u0629 \u0648\u0627\u062d\u062f\u0629! \u062c\u0631\u0651\u0628 \u0627\u0644\u0622\u0646!\",\"breadcrumb\":{\"@id\":\"http:\\\/\\\/radio.mobitouch.net\\\/ar\\\/#breadcrumb\"},\"inLanguage\":\"ar\",\"potentialAction\":[{\"@type\":\"ReadAction\",\"target\":[\"http:\\\/\\\/radio.mobitouch.net\\\/ar\\\/\"]}]},{\"@type\":\"BreadcrumbList\",\"@id\":\"http:\\\/\\\/radio.mobitouch.net\\\/ar\\\/#breadcrumb\",\"itemListElement\":[{\"@type\":\"ListItem\",\"position\":1,\"name\":\"Home\",\"item\":\"http:\\\/\\\/radio.mobitouch.net\\\/ar\\\/\"},{\"@type\":\"ListItem\",\"position\":2,\"name\":\"\u0627\u0644\u0635\u0641\u062d\u0629 \u0627\u0644\u0631\u0626\u064a\u0633\u064a\u0629\"}]},{\"@type\":\"WebSite\",\"@id\":\"https:\\\/\\\/radio.mobitouch.net\\\/ar\\\/#website\",\"url\":\"https:\\\/\\\/radio.mobitouch.net\\\/ar\\\/\",\"name\":\"Radio Mobitouch\",\"description\":\"Dotrzyj do s\u0142uchaczy z ca\u0142ego \u015bwiata\u00a0\",\"publisher\":{\"@id\":\"https:\\\/\\\/radio.mobitouch.net\\\/ar\\\/#organization\"},\"alternateName\":\"Aplikacja mobilna dla radia\",\"potentialAction\":[{\"@type\":\"SearchAction\",\"target\":{\"@type\":\"EntryPoint\",\"urlTemplate\":\"https:\\\/\\\/radio.mobitouch.net\\\/ar\\\/?s={search_term_string}\"},\"query-input\":{\"@type\":\"PropertyValueSpecification\",\"valueRequired\":true,\"valueName\":\"search_term_string\"}}],\"inLanguage\":\"ar\"},{\"@type\":\"Organization\",\"@id\":\"https:\\\/\\\/radio.mobitouch.net\\\/ar\\\/#organization\",\"name\":\"Mobitouch\",\"alternateName\":\"Custom Web & Mobile Apps\",\"url\":\"https:\\\/\\\/radio.mobitouch.net\\\/ar\\\/\",\"logo\":{\"@type\":\"ImageObject\",\"inLanguage\":\"ar\",\"@id\":\"https:\\\/\\\/radio.mobitouch.net\\\/ar\\\/#\\\/schema\\\/logo\\\/image\\\/\",\"url\":\"http:\\\/\\\/radio.mobitouch.net\\\/wp-content\\\/uploads\\\/2024\\\/11\\\/logo.svg\",\"contentUrl\":\"http:\\\/\\\/radio.mobitouch.net\\\/wp-content\\\/uploads\\\/2024\\\/11\\\/logo.svg\",\"caption\":\"Mobitouch\"},\"image\":{\"@id\":\"https:\\\/\\\/radio.mobitouch.net\\\/ar\\\/#\\\/schema\\\/logo\\\/image\\\/\"}}]}<\/script>\n<!-- \/ Yoast SEO Premium plugin. -->","yoast_head_json":{"title":"\u062a\u0637\u0628\u064a\u0642 \u0627\u0644\u0631\u0627\u062f\u064a\u0648 \u2013 \u0627\u0644\u0648\u0635\u0648\u0644 \u0625\u0644\u0649 \u0627\u0644\u0645\u0633\u062a\u0645\u0639\u064a\u0646 \u0641\u064a \u062c\u0645\u064a\u0639 \u0623\u0646\u062d\u0627\u0621 \u0627\u0644\u0639\u0627\u0644\u0645","description":"\u062a\u0637\u0628\u064a\u0642 \u0627\u0644\u0631\u0627\u062f\u064a\u0648 \u0644\u0644\u0647\u0648\u0627\u062a\u0641 \u0627\u0644\u0630\u0643\u064a\u0629 \u2013 \u0628\u062b \u0645\u0628\u0627\u0634\u0631\u060c \u0628\u0648\u062f\u0643\u0627\u0633\u062a \u0648\u0628\u0631\u0627\u0645\u062c \u0628\u062d\u0644\u0629 \u062c\u062f\u064a\u062f\u0629. \u0627\u0644\u0648\u0635\u0648\u0644 \u0627\u0644\u0639\u0627\u0644\u0645\u064a \u0644\u0645\u062d\u0637\u062a\u0643 \u0628\u0646\u0642\u0631\u0629 \u0648\u0627\u062d\u062f\u0629! \u062c\u0631\u0651\u0628 \u0627\u0644\u0622\u0646!","robots":{"index":"index","follow":"follow","max-snippet":"max-snippet:-1","max-image-preview":"max-image-preview:large","max-video-preview":"max-video-preview:-1"},"canonical":"http:\/\/radio.mobitouch.net\/ar\/","og_locale":"ar_AR","og_type":"article","og_title":"\u062a\u0637\u0628\u064a\u0642 \u0627\u0644\u0631\u0627\u062f\u064a\u0648 \u2013 \u0627\u0644\u0648\u0635\u0648\u0644 \u0625\u0644\u0649 \u0627\u0644\u0645\u0633\u062a\u0645\u0639\u064a\u0646 \u0641\u064a \u062c\u0645\u064a\u0639 \u0623\u0646\u062d\u0627\u0621 \u0627\u0644\u0639\u0627\u0644\u0645","og_description":"\u0627\u0644\u0648\u0635\u0648\u0644 \u0627\u0644\u0639\u0627\u0644\u0645\u064a \u0644\u0645\u062d\u0637\u062a\u0643 \u0628\u0646\u0642\u0631\u0629 \u0648\u0627\u062d\u062f\u0629! \u062a\u0637\u0628\u064a\u0642 \u0627\u0644\u0631\u0627\u062f\u064a\u0648 \u0644\u0644\u0647\u0648\u0627\u062a\u0641 \u0627\u0644\u0630\u0643\u064a\u0629 \u2013 \u0628\u062b \u0645\u0628\u0627\u0634\u0631\u060c \u0628\u0648\u062f\u0643\u0627\u0633\u062a \u0648\u0628\u0631\u0627\u0645\u062c \u0628\u062d\u0644\u0629 \u062c\u062f\u064a\u062f\u0629.","og_url":"http:\/\/radio.mobitouch.net\/ar\/","og_site_name":"Mobile radio app","article_modified_time":"2025-01-24T10:21:42+00:00","og_image":[{"width":1200,"height":627,"url":"http:\/\/radio.mobitouch.net\/wp-content\/uploads\/2024\/11\/OGIMAGE.jpg","type":"image\/jpeg"}],"twitter_card":"summary_large_image","twitter_title":"\u0627\u0644\u0635\u0641\u062d\u0629 \u0627\u0644\u0631\u0626\u064a\u0633\u064a\u0629","twitter_misc":{"\u0648\u0642\u062a \u0627\u0644\u0642\u0631\u0627\u0621\u0629 \u0627\u0644\u0645\u064f\u0642\u062f\u0651\u0631":"11 \u062f\u0642\u064a\u0642\u0629"},"schema":{"@context":"https:\/\/schema.org","@graph":[{"@type":"WebPage","@id":"http:\/\/radio.mobitouch.net\/ar\/","url":"http:\/\/radio.mobitouch.net\/ar\/","name":"\u062a\u0637\u0628\u064a\u0642 \u0627\u0644\u0631\u0627\u062f\u064a\u0648 \u2013 \u0627\u0644\u0648\u0635\u0648\u0644 \u0625\u0644\u0649 \u0627\u0644\u0645\u0633\u062a\u0645\u0639\u064a\u0646 \u0641\u064a \u062c\u0645\u064a\u0639 \u0623\u0646\u062d\u0627\u0621 \u0627\u0644\u0639\u0627\u0644\u0645","isPartOf":{"@id":"https:\/\/radio.mobitouch.net\/ar\/#website"},"datePublished":"2024-10-31T13:45:12+00:00","dateModified":"2025-01-24T10:21:42+00:00","description":"\u062a\u0637\u0628\u064a\u0642 \u0627\u0644\u0631\u0627\u062f\u064a\u0648 \u0644\u0644\u0647\u0648\u0627\u062a\u0641 \u0627\u0644\u0630\u0643\u064a\u0629 \u2013 \u0628\u062b \u0645\u0628\u0627\u0634\u0631\u060c \u0628\u0648\u062f\u0643\u0627\u0633\u062a \u0648\u0628\u0631\u0627\u0645\u062c \u0628\u062d\u0644\u0629 \u062c\u062f\u064a\u062f\u0629. \u0627\u0644\u0648\u0635\u0648\u0644 \u0627\u0644\u0639\u0627\u0644\u0645\u064a \u0644\u0645\u062d\u0637\u062a\u0643 \u0628\u0646\u0642\u0631\u0629 \u0648\u0627\u062d\u062f\u0629! \u062c\u0631\u0651\u0628 \u0627\u0644\u0622\u0646!","breadcrumb":{"@id":"http:\/\/radio.mobitouch.net\/ar\/#breadcrumb"},"inLanguage":"ar","potentialAction":[{"@type":"ReadAction","target":["http:\/\/radio.mobitouch.net\/ar\/"]}]},{"@type":"BreadcrumbList","@id":"http:\/\/radio.mobitouch.net\/ar\/#breadcrumb","itemListElement":[{"@type":"ListItem","position":1,"name":"Home","item":"http:\/\/radio.mobitouch.net\/ar\/"},{"@type":"ListItem","position":2,"name":"\u0627\u0644\u0635\u0641\u062d\u0629 \u0627\u0644\u0631\u0626\u064a\u0633\u064a\u0629"}]},{"@type":"WebSite","@id":"https:\/\/radio.mobitouch.net\/ar\/#website","url":"https:\/\/radio.mobitouch.net\/ar\/","name":"Radio Mobitouch","description":"Dotrzyj do s\u0142uchaczy z ca\u0142ego \u015bwiata\u00a0","publisher":{"@id":"https:\/\/radio.mobitouch.net\/ar\/#organization"},"alternateName":"Aplikacja mobilna dla radia","potentialAction":[{"@type":"SearchAction","target":{"@type":"EntryPoint","urlTemplate":"https:\/\/radio.mobitouch.net\/ar\/?s={search_term_string}"},"query-input":{"@type":"PropertyValueSpecification","valueRequired":true,"valueName":"search_term_string"}}],"inLanguage":"ar"},{"@type":"Organization","@id":"https:\/\/radio.mobitouch.net\/ar\/#organization","name":"Mobitouch","alternateName":"Custom Web & Mobile Apps","url":"https:\/\/radio.mobitouch.net\/ar\/","logo":{"@type":"ImageObject","inLanguage":"ar","@id":"https:\/\/radio.mobitouch.net\/ar\/#\/schema\/logo\/image\/","url":"http:\/\/radio.mobitouch.net\/wp-content\/uploads\/2024\/11\/logo.svg","contentUrl":"http:\/\/radio.mobitouch.net\/wp-content\/uploads\/2024\/11\/logo.svg","caption":"Mobitouch"},"image":{"@id":"https:\/\/radio.mobitouch.net\/ar\/#\/schema\/logo\/image\/"}}]}},"_links":{"self":[{"href":"http:\/\/radio.mobitouch.net\/ar\/wp-json\/wp\/v2\/pages\/275","targetHints":{"allow":["GET"]}}],"collection":[{"href":"http:\/\/radio.mobitouch.net\/ar\/wp-json\/wp\/v2\/pages"}],"about":[{"href":"http:\/\/radio.mobitouch.net\/ar\/wp-json\/wp\/v2\/types\/page"}],"author":[{"embeddable":true,"href":"http:\/\/radio.mobitouch.net\/ar\/wp-json\/wp\/v2\/users\/1"}],"replies":[{"embeddable":true,"href":"http:\/\/radio.mobitouch.net\/ar\/wp-json\/wp\/v2\/comments?post=275"}],"version-history":[{"count":23,"href":"http:\/\/radio.mobitouch.net\/ar\/wp-json\/wp\/v2\/pages\/275\/revisions"}],"predecessor-version":[{"id":807,"href":"http:\/\/radio.mobitouch.net\/ar\/wp-json\/wp\/v2\/pages\/275\/revisions\/807"}],"wp:attachment":[{"href":"http:\/\/radio.mobitouch.net\/ar\/wp-json\/wp\/v2\/media?parent=275"}],"curies":[{"name":"wp","href":"https:\/\/api.w.org\/{rel}","templated":true}]}}